{"id":8826,"date":"2022-05-20T21:47:00","date_gmt":"2022-05-20T21:47:00","guid":{"rendered":"https:\/\/phresh.com.do\/?page_id=8826"},"modified":"2022-05-20T22:19:08","modified_gmt":"2022-05-20T22:19:08","slug":"dale-sangria-en-carton","status":"publish","type":"page","link":"https:\/\/phresh.com.do\/index.php\/dale-sangria-en-carton\/","title":{"rendered":"Dale Sangria"},"content":{"rendered":"<p>[vc_row row_content_width=&#8221;grid&#8221;][vc_column width=&#8221;1\/2&#8243;]<div class=\"eltdf-elements-holder eltdf-responsive-mode-768\" ><div class=\"eltdf-eh-item \" data-item-class=\"eltdf-eh-custom-371083\" data-768-1024=\"120px 15% 8% 0%\" data-480=\"120px 0% 14% 0%\" >\n\t<div class=\"eltdf-eh-item-inner\" >\n\t\t<div class=\"eltdf-eh-item-content eltdf-eh-custom-371083\" style=\"padding: 120px 15% 14% 0%\">\n\t\t\t[vc_custom_heading text=&#8221;Dale Sangria&#8221; font_container=&#8221;tag:h2|font_size:30px|text_align:left|color:%23363636|line_height:34px&#8221; google_fonts=&#8221;font_family:Signika%3A300%2Cregular%2C600%2C700|font_style:700%20bold%20regular%3A700%3Anormal&#8221;][vc_column_text]Dale alegr\u00eda Sangr\u00eda, roja y blanca, de origen Espa\u00f1ol, es un producto innovador y vers\u00e1til, que viene empacado en un envase de cart\u00f3n con un formato de Bag in box, 3 litros (4 botellas de 750ml), ideal para su transportaci\u00f3n.[\/vc_column_text][vc_empty_space height=&#8221;35&#8243;]<a itemprop=\"url\" href=\"#\" target=\"_self\" style=\"color: #ffffff;background-color: #ff2332;border-color: #ff2332\" class=\"eltdf-btn eltdf-btn-medium eltdf-btn-solid eltdf-btn-animation\"  >\n    <span class=\"eltdf-btn-text\">\n    CONOCE M\u00c1S        \t<span class=\"eltdf-btn-bottom-line\"><\/span>\n    \t<span class=\"eltdf-btn-upper-line\"><\/span>\n        <\/span>\n    <\/a>\t\t<\/div>\n\t<\/div>\n<\/div><\/div>[\/vc_column][vc_column width=&#8221;1\/2&#8243;]<div class=\"eltdf-image-gallery\">\n\t<div class=\"eltdf-ig-slider \" data-number-of-visible-items=\"1\" data-autoplay=\"3\" data-animation=\"slide\" data-navigation=\"no\" data-pagination=\"no\">\n\t\t\t\t\t\t\t\t\t\t\t<img loading=\"lazy\" decoding=\"async\" width=\"1654\" height=\"1654\" src=\"https:\/\/phresh.com.do\/wp-content\/uploads\/2022\/05\/1.png\" class=\"attachment-full size-full\" alt=\"\" srcset=\"https:\/\/phresh.com.do\/wp-content\/uploads\/2022\/05\/1.png 1654w, https:\/\/phresh.com.do\/wp-content\/uploads\/2022\/05\/1-300x300.png 300w, https:\/\/phresh.com.do\/wp-content\/uploads\/2022\/05\/1-1024x1024.png 1024w, https:\/\/phresh.com.do\/wp-content\/uploads\/2022\/05\/1-150x150.png 150w, https:\/\/phresh.com.do\/wp-content\/uploads\/2022\/05\/1-768x768.png 768w, https:\/\/phresh.com.do\/wp-content\/uploads\/2022\/05\/1-1536x1536.png 1536w, https:\/\/phresh.com.do\/wp-content\/uploads\/2022\/05\/1-550x550.png 550w\" sizes=\"auto, (max-width: 1654px) 100vw, 1654px\" \/>\t\t\t\t\t\t\t\t\t\t\t\t\t\t\t\t<img loading=\"lazy\" decoding=\"async\" width=\"1654\" height=\"1654\" src=\"https:\/\/phresh.com.do\/wp-content\/uploads\/2022\/05\/5.png\" class=\"attachment-full size-full\" alt=\"\" srcset=\"https:\/\/phresh.com.do\/wp-content\/uploads\/2022\/05\/5.png 1654w, https:\/\/phresh.com.do\/wp-content\/uploads\/2022\/05\/5-300x300.png 300w, https:\/\/phresh.com.do\/wp-content\/uploads\/2022\/05\/5-1024x1024.png 1024w, https:\/\/phresh.com.do\/wp-content\/uploads\/2022\/05\/5-150x150.png 150w, https:\/\/phresh.com.do\/wp-content\/uploads\/2022\/05\/5-768x768.png 768w, https:\/\/phresh.com.do\/wp-content\/uploads\/2022\/05\/5-1536x1536.png 1536w, https:\/\/phresh.com.do\/wp-content\/uploads\/2022\/05\/5-550x550.png 550w\" sizes=\"auto, (max-width: 1654px) 100vw, 1654px\" \/>\t\t\t\t\t\t\t\t<\/div>\n<\/div>[\/vc_column][\/vc_row]<\/p>\n","protected":false},"excerpt":{"rendered":"<p>[vc_row row_content_width=&#8221;grid&#8221;][vc_column width=&#8221;1\/2&#8243;][\/vc_column][vc_column width=&#8221;1\/2&#8243;][\/vc_column][\/vc_row]<\/p>\n","protected":false},"author":1,"featured_media":0,"parent":0,"menu_order":0,"comment_status":"closed","ping_status":"closed","template":"","meta":{"footnotes":""},"class_list":["post-8826","page","type-page","status-publish","hentry"],"_links":{"self":[{"href":"https:\/\/phresh.com.do\/index.php\/wp-json\/wp\/v2\/pages\/8826","targetHints":{"allow":["GET"]}}],"collection":[{"href":"https:\/\/phresh.com.do\/index.php\/wp-json\/wp\/v2\/pages"}],"about":[{"href":"https:\/\/phresh.com.do\/index.php\/wp-json\/wp\/v2\/types\/page"}],"author":[{"embeddable":true,"href":"https:\/\/phresh.com.do\/index.php\/wp-json\/wp\/v2\/users\/1"}],"replies":[{"embeddable":true,"href":"https:\/\/phresh.com.do\/index.php\/wp-json\/wp\/v2\/comments?post=8826"}],"version-history":[{"count":9,"href":"https:\/\/phresh.com.do\/index.php\/wp-json\/wp\/v2\/pages\/8826\/revisions"}],"predecessor-version":[{"id":8853,"href":"https:\/\/phresh.com.do\/index.php\/wp-json\/wp\/v2\/pages\/8826\/revisions\/8853"}],"wp:attachment":[{"href":"https:\/\/phresh.com.do\/index.php\/wp-json\/wp\/v2\/media?parent=8826"}],"curies":[{"name":"wp","href":"https:\/\/api.w.org\/{rel}","templated":true}]}}